{"id":5021,"date":"2023-09-11T20:59:57","date_gmt":"2023-09-12T03:59:57","guid":{"rendered":"https:\/\/casinosonline.bet\/ar\/?page_id=5021"},"modified":"2025-02-21T11:31:48","modified_gmt":"2025-02-21T18:31:48","slug":"juego-responsable","status":"publish","type":"page","link":"https:\/\/casinosonline.bet\/ar\/juego-responsable\/","title":{"rendered":"Juego Responsable"},"content":{"rendered":"<p>Los <a href=\"\/ar\/\"><strong>casinos online<\/strong><\/a> y las casas de apuestas deportivas son una opci\u00f3n de diversi\u00f3n, sin embargo, de no controlarse puede convertirse en una adicci\u00f3n. Para ayudar a las personas con este problema existe el fomento del juego responsable, porque las consecuencias de apostar sin cuidado son tanto para los usuarios como para sus familias.<\/p>\n<p>El juego responsable es una actividad de recreaci\u00f3n que no interfiere en las obligaciones familiares, sociales o laborales, es decir, consiste en <strong>elegir racional y sensatamente<\/strong> los juegos de azar con el \u00fanico fin de entretenerse. Nunca se debe apostar para ganar dinero o evadir problemas personales.<\/p>\n<p>Muchas son los lugares que fomentan el <strong>juego responsable<\/strong>, los principales se encuentran en las dependencias gubernamentales encargadas de regular los juegos de azar y en los operadores de estos. Tambi\u00e9n existen organizaciones civiles que apoyan a personas con adicci\u00f3n a las apuestas.<\/p>\n<p>En Buenos Aires, Argentina, hay dos entes gubernamentales encargados de promover el juego responsable: el Instituto Provincial de Loter\u00eda y Casinos y la <strong>Defensor\u00eda del Pueblo<\/strong>. Ambos organismos ofrecen consejos para evitar la adicci\u00f3n a las apuestas y cuestionarios para identificarla.<\/p>\n<p>El Instituto Provincial de Loter\u00eda y Casinos de la Provincia de Buenos Aires cuenta con el Programa de Prevenci\u00f3n y Asistencia al Juego Compulsivo. Consiste en una red de atenci\u00f3n p\u00fablica y gratuita (formada por 10 centros) que tiene como objetivo la <strong>prevenci\u00f3n, contenci\u00f3n y mejor\u00eda integral<\/strong> de las personas y familias afectadas por esta problem\u00e1tica.<\/p>\n<p>En la p\u00e1gina web de este programa encuentras un <strong>test de 10 preguntas<\/strong> para una autoevaluaci\u00f3n orientativa (si contesta afirmativamente de una a cuatro preguntas, usted podr\u00eda tener un problema con el juego. Si contesta de cinco a 10 afirmativamente, usted tiene un problema con el juego):<\/p>\n<ol>\n<li>\u00bfCree usted que ha tenido un problema con el juego?<\/li>\n<li>\u00bfPiensa usted gran parte de su tiempo en el juego?<\/li>\n<li>\u00bfAlguna vez ha jugado usted m\u00e1s de lo que quer\u00eda y\/o juega a menudo hasta perder el \u00faltimo centavo?<\/li>\n<li>\u00bfAlguna vez ha querido usted dejar de jugar pero no pudo hacerlo?<\/li>\n<li>\u00bfCu\u00e1ndo usted juega vuelve la mayor\u00eda del tiempo para recobrar el dinero que ha perdido?<\/li>\n<li>\u00bfSe ha sentido usted lleno de remordimientos debido a su manera de jugar o a las consecuencias de su juego?<\/li>\n<li>\u00bfHa discutido usted en su casa sobre su manera de manejar el dinero como consecuencia del juego?<\/li>\n<li>\u00bfHa perdido tiempo de su trabajo y\/u ocupaciones a causa del juego?<\/li>\n<li>\u00bfHa pedido usted un pr\u00e9stamo de dinero de alguien y luego no pudo devolverlo a causa del juego?<\/li>\n<li>\u00bfOculta informaci\u00f3n o miente respecto al juego?<\/li>\n<\/ol>\n<p>Por su parte, la Defensor\u00eda del Pueblo explica en su p\u00e1gina web que \u201cla ludopat\u00eda o juego patol\u00f3gico es una enfermedad emocional reconocida por la <strong>Organizaci\u00f3n Mundial de la Salud<\/strong> (OMS) que afecta diversos aspectos de la vida personal, familiar, laboral, social y econ\u00f3mica de quien la padece. Se ve afectada su capacidad de autocontrol y le resulta dif\u00edcil decir \u2018No\u2019 siendo incapaz de aplazar el impulso o deseo por jugar\u201d.<\/p>\n<p>La Defensor\u00eda del Pueblo, de igual forma, ofrece <strong>10 tips de juego responsable<\/strong>, los cuales te enlistamos en seguida para que los revises antes de entrar a tu casino online favorito o a tu casa de apuestas deportivas predilecta.<\/p>\n<ul>\n<li>Pensar en el juego como entretenimiento, no como una manera de ganar dinero.<\/li>\n<li>Jugar habitualmente acompa\u00f1ado de amigos o familiares.<\/li>\n<li>Antes de empezar, establecer un l\u00edmite de dinero. No pedir dinero prestado.<\/li>\n<li>Asegurarse de establecer un per\u00edodo de tiempo limitado.<\/li>\n<li>No caer en la trampa de intentar recuperar las p\u00e9rdidas.<\/li>\n<li>Evitar jugar en tiempos de crisis emocionales ya que disminuye el autocontrol.<\/li>\n<li>Equilibrar el juego con otras actividades de ocio o entretenimiento.<\/li>\n<li>Dejar las tarjetas bancarias en casa para no romper los l\u00edmites.<\/li>\n<li>Tomar descansos frecuentes para evaluar y tomar perspectiva.<\/li>\n<li>No beber ni consumir drogas durante el juego ya que puede generar problemas para tomar decisiones sensatas.<\/li>\n<\/ul>\n<p>Enlaces de inter\u00e9s:<\/p>\n<ul>\n<li>Autoexclusi\u00f3n al juego online<\/li>\n<li>Gambling Therapy<\/li>\n<li>Juego Responsable<\/li>\n<li>Jugadores An\u00f3nimos<\/li>\n<\/ul>\n","protected":false},"excerpt":{"rendered":"<p>Los casinos online y las casas de apuestas deportivas son una opci\u00f3n de diversi\u00f3n, sin embargo, de no controlarse puede convertirse en una adicci\u00f3n. Para ayudar a las personas con este problema existe el fomento del juego responsable, porque las consecuencias de apostar sin cuidado son tanto para los usuarios como para sus familias. El [&hellip;]<\/p>\n","protected":false},"author":14,"featured_media":0,"parent":0,"menu_order":0,"comment_status":"closed","ping_status":"closed","template":"page-no-sidebar.php","meta":{"_acf_changed":false,"footnotes":""},"class_list":["post-5021","page","type-page","status-publish","hentry"],"acf":[],"_links":{"self":[{"href":"https:\/\/casinosonline.bet\/ar\/wp-json\/wp\/v2\/pages\/5021","targetHints":{"allow":["GET"]}}],"collection":[{"href":"https:\/\/casinosonline.bet\/ar\/wp-json\/wp\/v2\/pages"}],"about":[{"href":"https:\/\/casinosonline.bet\/ar\/wp-json\/wp\/v2\/types\/page"}],"author":[{"embeddable":true,"href":"https:\/\/casinosonline.bet\/ar\/wp-json\/wp\/v2\/users\/14"}],"replies":[{"embeddable":true,"href":"https:\/\/casinosonline.bet\/ar\/wp-json\/wp\/v2\/comments?post=5021"}],"version-history":[{"count":4,"href":"https:\/\/casinosonline.bet\/ar\/wp-json\/wp\/v2\/pages\/5021\/revisions"}],"predecessor-version":[{"id":5197,"href":"https:\/\/casinosonline.bet\/ar\/wp-json\/wp\/v2\/pages\/5021\/revisions\/5197"}],"wp:attachment":[{"href":"https:\/\/casinosonline.bet\/ar\/wp-json\/wp\/v2\/media?parent=5021"}],"curies":[{"name":"wp","href":"https:\/\/api.w.org\/{rel}","templated":true}]}}