{"id":4686,"date":"2023-08-07T11:26:37","date_gmt":"2023-08-07T18:26:37","guid":{"rendered":"https:\/\/casinosonline.bet\/?page_id=4686"},"modified":"2023-11-14T13:43:22","modified_gmt":"2023-11-14T20:43:22","slug":"equipo","status":"publish","type":"page","link":"https:\/\/casinosonline.bet\/ar\/equipo\/","title":{"rendered":"Equipo"},"content":{"rendered":"<p>Queremos que conozcas un poco m\u00e1s a fondo nuestra forma de pensar, de trabajar, nuestros valores y al equipo que conforma <em>casinosonline.bet<\/em>.<\/p>\n<div class=\"space-page-content-wrap relative contenido-miembro loop-members\"><div class=\"contetn-member-item space-casino-header-logo-title box-100 relative\">\r\n\t\t\t\t\t<div class=\"space-casino-header-logo-box relative\">\r\n\t\t\t\t\t\t<img decoding=\"async\" class=\"img-member skip-lazy\" src=\"https:\/\/casinosonline.bet\/ar\/wp-content\/uploads\/sites\/4\/2023\/11\/antonio-definitiva.webp\" alt=\"Antonio Caro\">\r\n\t\t\t\t\t<\/div>\r\n\t\t\t\t\t<div class=\"space-page-desc-member\">\r\n\t\t\t\t\t\t<div class=\"space-casino-header-title-box relative\">\r\n\t\t\t\t\t\t\t<div class=\"space-casino-header-title-box-ins box-100 relative\">\r\n\t\t\t\t\t\t\t\t<div class=\"space-contet-heading\" style=\"align-items: center;\">\r\n\t\t\t\t\t\t\t\t\t<a href=\"https:\/\/casinosonline.bet\/ar\/equipo\/antonio-caro\/\"><p class=\"name-member\" style=\"padding: initial;margin: 0;\">Antonio Caro<\/p><\/a>\r\n\t\t\t\t\t\t\t\t\t<div class=\"redesSociales-member\">\r\n\t\t\t\t\t\t\t\t\t\t\r\n\t\t\t\t\t\t\t\t\t\t<a style=\"text-decoration: none;\" href=\"https:\/\/twitter.com\/antoninonin__\" target=\"_blank\" rel=\"noreferrer noopener\"><img loading=\"lazy\" decoding=\"async\" class=\"skip-lazy size-full redesSocialesMember\" src=\"\/wp-content\/uploads\/2023\/11\/twitter-x-logo.png\" width=\"25\" height=\"25\" \/><\/a>\r\n\t\t\t\t\t\t\t\t\t<\/div>\r\n\t\t\t\t\t\t\t\t\t<p class=\"puesto-member box-100\" style=\"margin: 0;\">Editor<\/strong>\r\n\t\t\t\t\t\t\t\t<\/div>\r\n\t\t\t\t\t\t\t<\/div>\r\n\t\t\t\t\t\t<\/div>\r\n\t\t\t\t\t\t<div class=\"content-desc-member\">\r\n\t\t\t\t\t\t\t<p style=\"margin: 0;\">Redactor y editor de casinosonline.bet, es uno de los responsables de recopilar y seleccionar toda la informaci\u00f3n necesaria para nuestros jugadores. Su vida laboral lleva ligada al mundo del juego en l\u00ednea m\u00e1s de 5 a\u00f1os y en todo este tiempo ha descubierto muchos de los secretos mejor guardados por los casinos online. Le encanta probar suerte en la ruleta de forma espor\u00e1dica.<\/p>\r\n\t\t\t\t\t\t<\/div>\r\n\t\t\t\t\t<\/div>\r\n\t\t\t\t<\/div><div class=\"contetn-member-item space-casino-header-logo-title box-100 relative\">\r\n\t\t\t\t\t<div class=\"space-casino-header-logo-box relative\">\r\n\t\t\t\t\t\t<img decoding=\"async\" class=\"img-member skip-lazy\" src=\"https:\/\/casinosonline.bet\/ar\/wp-content\/uploads\/sites\/4\/2023\/11\/humberto-ok.webp\" alt=\"Humberto Fern\u00e1ndez\">\r\n\t\t\t\t\t<\/div>\r\n\t\t\t\t\t<div class=\"space-page-desc-member\">\r\n\t\t\t\t\t\t<div class=\"space-casino-header-title-box relative\">\r\n\t\t\t\t\t\t\t<div class=\"space-casino-header-title-box-ins box-100 relative\">\r\n\t\t\t\t\t\t\t\t<div class=\"space-contet-heading\" style=\"align-items: center;\">\r\n\t\t\t\t\t\t\t\t\t<a href=\"https:\/\/casinosonline.bet\/ar\/equipo\/humberto-fernandez\/\"><p class=\"name-member\" style=\"padding: initial;margin: 0;\">Humberto Fern\u00e1ndez<\/p><\/a>\r\n\t\t\t\t\t\t\t\t\t<div class=\"redesSociales-member\">\r\n\t\t\t\t\t\t\t\t\t\t<a style=\"text-decoration: none;\" href=\"https:\/\/es.linkedin.com\/in\/humberto-f-843943160\" target=\"_blank\" rel=\"noreferrer noopener\"><img loading=\"lazy\" decoding=\"async\" class=\"skip-lazy size-full redesSocialesMember\" src=\"\/wp-content\/uploads\/2023\/11\/linkedin.png\" width=\"25\" height=\"25\" \/><\/a>\r\n\t\t\t\t\t\t\t\t\t\t\r\n\t\t\t\t\t\t\t\t\t<\/div>\r\n\t\t\t\t\t\t\t\t\t<p class=\"puesto-member box-100\" style=\"margin: 0;\">Editor jefe<\/strong>\r\n\t\t\t\t\t\t\t\t<\/div>\r\n\t\t\t\t\t\t\t<\/div>\r\n\t\t\t\t\t\t<\/div>\r\n\t\t\t\t\t\t<div class=\"content-desc-member\">\r\n\t\t\t\t\t\t\t<p style=\"margin: 0;\">Webmaster y editor jefe de casinosonline.bet, es el encargado de revisar que todo el contenido salga con el est\u00e1ndar de calidad adecuado para el usuario. Lleva m\u00e1s de 7 a\u00f1os trabajando en el mundo del iGaming y los casinos en l\u00ednea, adem\u00e1s de otros proyectos del \u00e1mbito de las apuestas deportivas. Es gran aficionado de las partidas de poker informales entre amigos.<\/p>\r\n\t\t\t\t\t\t<\/div>\r\n\t\t\t\t\t<\/div>\r\n\t\t\t\t<\/div><div class=\"contetn-member-item space-casino-header-logo-title box-100 relative\">\r\n\t\t\t\t\t<div class=\"space-casino-header-logo-box relative\">\r\n\t\t\t\t\t\t<img decoding=\"async\" class=\"img-member skip-lazy\" src=\"https:\/\/casinosonline.bet\/ar\/wp-content\/uploads\/sites\/4\/2023\/11\/lenin-definitiva.webp\" alt=\"Lenin Pati\u00f1o\">\r\n\t\t\t\t\t<\/div>\r\n\t\t\t\t\t<div class=\"space-page-desc-member\">\r\n\t\t\t\t\t\t<div class=\"space-casino-header-title-box relative\">\r\n\t\t\t\t\t\t\t<div class=\"space-casino-header-title-box-ins box-100 relative\">\r\n\t\t\t\t\t\t\t\t<div class=\"space-contet-heading\" style=\"align-items: center;\">\r\n\t\t\t\t\t\t\t\t\t<a href=\"https:\/\/casinosonline.bet\/ar\/equipo\/lenin-patino\/\"><p class=\"name-member\" style=\"padding: initial;margin: 0;\">Lenin Pati\u00f1o<\/p><\/a>\r\n\t\t\t\t\t\t\t\t\t<div class=\"redesSociales-member\">\r\n\t\t\t\t\t\t\t\t\t\t\r\n\t\t\t\t\t\t\t\t\t\t<a style=\"text-decoration: none;\" href=\"https:\/\/twitter.com\/LeninP100?t=UyifHGXMio5FVwFXUlOcbw&amp;s=09\" target=\"_blank\" rel=\"noreferrer noopener\"><img loading=\"lazy\" decoding=\"async\" class=\"skip-lazy size-full redesSocialesMember\" src=\"\/wp-content\/uploads\/2023\/11\/twitter-x-logo.png\" width=\"25\" height=\"25\" \/><\/a>\r\n\t\t\t\t\t\t\t\t\t<\/div>\r\n\t\t\t\t\t\t\t\t\t<p class=\"puesto-member box-100\" style=\"margin: 0;\">Editor<\/strong>\r\n\t\t\t\t\t\t\t\t<\/div>\r\n\t\t\t\t\t\t\t<\/div>\r\n\t\t\t\t\t\t<\/div>\r\n\t\t\t\t\t\t<div class=\"content-desc-member\">\r\n\t\t\t\t\t\t\t<p style=\"margin: 0;\">Integrante del equipo de editores de casinosonline.bet, quienes son responsables de generar contenido de calidad sobre casinos y apuestas. Por m\u00e1s de cuatro a\u00f1os ha escrito sobre juegos de azar, principalmente los relacionados con deportes. Es un apasionado de las mesas de cartas en los casinos f\u00edsicos, pero tambi\u00e9n valora las comodidades que ofrecen los casinos online.<\/p>\r\n\t\t\t\t\t\t<\/div>\r\n\t\t\t\t\t<\/div>\r\n\t\t\t\t<\/div><div class=\"contetn-member-item space-casino-header-logo-title box-100 relative\">\r\n\t\t\t\t\t<div class=\"space-casino-header-logo-box relative\">\r\n\t\t\t\t\t\t<img decoding=\"async\" class=\"img-member skip-lazy\" src=\"https:\/\/casinosonline.bet\/ar\/wp-content\/uploads\/sites\/4\/2026\/02\/image-1.jpeg\" alt=\"Mariano Velloso\">\r\n\t\t\t\t\t<\/div>\r\n\t\t\t\t\t<div class=\"space-page-desc-member\">\r\n\t\t\t\t\t\t<div class=\"space-casino-header-title-box relative\">\r\n\t\t\t\t\t\t\t<div class=\"space-casino-header-title-box-ins box-100 relative\">\r\n\t\t\t\t\t\t\t\t<div class=\"space-contet-heading\" style=\"align-items: center;\">\r\n\t\t\t\t\t\t\t\t\t<a href=\"https:\/\/casinosonline.bet\/ar\/equipo\/mariano-velloso\/\"><p class=\"name-member\" style=\"padding: initial;margin: 0;\">Mariano Velloso<\/p><\/a>\r\n\t\t\t\t\t\t\t\t\t<div class=\"redesSociales-member\">\r\n\t\t\t\t\t\t\t\t\t\t\r\n\t\t\t\t\t\t\t\t\t\t\r\n\t\t\t\t\t\t\t\t\t<\/div>\r\n\t\t\t\t\t\t\t\t\t<p class=\"puesto-member box-100\" style=\"margin: 0;\">Redactor<\/strong>\r\n\t\t\t\t\t\t\t\t<\/div>\r\n\t\t\t\t\t\t\t<\/div>\r\n\t\t\t\t\t\t<\/div>\r\n\t\t\t\t\t\t<div class=\"content-desc-member\">\r\n\t\t\t\t\t\t\t<p style=\"margin: 0;\">Cronista experto en el sector del iGaming y las apuestas deportivas. Gracias a su experiencia, navega con precisi\u00f3n por el din\u00e1mico ecosistema del juego online, aportando an\u00e1lisis agudos sobre el marco legal, la tecnolog\u00eda y las nuevas tendencias. Domina la redacci\u00f3n estrat\u00e9gica y el copywriting, adem\u00e1s de conceptualizar y producir contenido audiovisual adaptado a las exigencias del mercado actual. Colabor\u00f3 con diversos medios internacionales antes de integrar el equipo de casinosonline.bet.<\/p>\r\n\t\t\t\t\t\t<\/div>\r\n\t\t\t\t\t<\/div>\r\n\t\t\t\t<\/div><div class=\"contetn-member-item space-casino-header-logo-title box-100 relative\">\r\n\t\t\t\t\t<div class=\"space-casino-header-logo-box relative\">\r\n\t\t\t\t\t\t<img decoding=\"async\" class=\"img-member skip-lazy\" src=\"https:\/\/casinosonline.bet\/ar\/wp-content\/uploads\/sites\/4\/2023\/11\/michel-definitiva.webp\" alt=\"M\u00edchel Cruz\">\r\n\t\t\t\t\t<\/div>\r\n\t\t\t\t\t<div class=\"space-page-desc-member\">\r\n\t\t\t\t\t\t<div class=\"space-casino-header-title-box relative\">\r\n\t\t\t\t\t\t\t<div class=\"space-casino-header-title-box-ins box-100 relative\">\r\n\t\t\t\t\t\t\t\t<div class=\"space-contet-heading\" style=\"align-items: center;\">\r\n\t\t\t\t\t\t\t\t\t<a href=\"https:\/\/casinosonline.bet\/ar\/equipo\/michel-cruz\/\"><p class=\"name-member\" style=\"padding: initial;margin: 0;\">M\u00edchel Cruz<\/p><\/a>\r\n\t\t\t\t\t\t\t\t\t<div class=\"redesSociales-member\">\r\n\t\t\t\t\t\t\t\t\t\t<a style=\"text-decoration: none;\" href=\"https:\/\/www.linkedin.com\/in\/michel-cruz-4a29b4178\/\" target=\"_blank\" rel=\"noreferrer noopener\"><img loading=\"lazy\" decoding=\"async\" class=\"skip-lazy size-full redesSocialesMember\" src=\"\/wp-content\/uploads\/2023\/11\/linkedin.png\" width=\"25\" height=\"25\" \/><\/a>\r\n\t\t\t\t\t\t\t\t\t\t<a style=\"text-decoration: none;\" href=\"https:\/\/twitter.com\/CruzPopper16\" target=\"_blank\" rel=\"noreferrer noopener\"><img loading=\"lazy\" decoding=\"async\" class=\"skip-lazy size-full redesSocialesMember\" src=\"\/wp-content\/uploads\/2023\/11\/twitter-x-logo.png\" width=\"25\" height=\"25\" \/><\/a>\r\n\t\t\t\t\t\t\t\t\t<\/div>\r\n\t\t\t\t\t\t\t\t\t<p class=\"puesto-member box-100\" style=\"margin: 0;\">Editor<\/strong>\r\n\t\t\t\t\t\t\t\t<\/div>\r\n\t\t\t\t\t\t\t<\/div>\r\n\t\t\t\t\t\t<\/div>\r\n\t\t\t\t\t\t<div class=\"content-desc-member\">\r\n\t\t\t\t\t\t\t<p style=\"margin: 0;\">Escritor de contenidos para casinosonline.bet, dedicado a brindar la mejor informaci\u00f3n sobre casinos, con un enfoque especial y atractivo para el lector. Dentro del mundo del iGaming y los casinos en l\u00ednea desde 2020, adem\u00e1s tiene experiencia en el \u00e1mbito del contenido de las apuestas y el periodismo deportivo. En las reuniones siempre ofrece jugar una buena partida de poker.<\/p>\r\n\t\t\t\t\t\t<\/div>\r\n\t\t\t\t\t<\/div>\r\n\t\t\t\t<\/div><div class=\"contetn-member-item space-casino-header-logo-title box-100 relative\">\r\n\t\t\t\t\t<div class=\"space-casino-header-logo-box relative\">\r\n\t\t\t\t\t\t<img decoding=\"async\" class=\"img-member skip-lazy\" src=\"https:\/\/casinosonline.bet\/ar\/wp-content\/uploads\/sites\/4\/2023\/11\/yael-definitiva.webp\" alt=\"Yael Rueda\">\r\n\t\t\t\t\t<\/div>\r\n\t\t\t\t\t<div class=\"space-page-desc-member\">\r\n\t\t\t\t\t\t<div class=\"space-casino-header-title-box relative\">\r\n\t\t\t\t\t\t\t<div class=\"space-casino-header-title-box-ins box-100 relative\">\r\n\t\t\t\t\t\t\t\t<div class=\"space-contet-heading\" style=\"align-items: center;\">\r\n\t\t\t\t\t\t\t\t\t<a href=\"https:\/\/casinosonline.bet\/ar\/equipo\/yael-rueda\/\"><p class=\"name-member\" style=\"padding: initial;margin: 0;\">Yael Rueda<\/p><\/a>\r\n\t\t\t\t\t\t\t\t\t<div class=\"redesSociales-member\">\r\n\t\t\t\t\t\t\t\t\t\t<a style=\"text-decoration: none;\" href=\"https:\/\/www.linkedin.com\/in\/yael-rueda-084814260\/\" target=\"_blank\" rel=\"noreferrer noopener\"><img loading=\"lazy\" decoding=\"async\" class=\"skip-lazy size-full redesSocialesMember\" src=\"\/wp-content\/uploads\/2023\/11\/linkedin.png\" width=\"25\" height=\"25\" \/><\/a>\r\n\t\t\t\t\t\t\t\t\t\t\r\n\t\t\t\t\t\t\t\t\t<\/div>\r\n\t\t\t\t\t\t\t\t\t<p class=\"puesto-member box-100\" style=\"margin: 0;\">Editor<\/strong>\r\n\t\t\t\t\t\t\t\t<\/div>\r\n\t\t\t\t\t\t\t<\/div>\r\n\t\t\t\t\t\t<\/div>\r\n\t\t\t\t\t\t<div class=\"content-desc-member\">\r\n\t\t\t\t\t\t\t<p style=\"margin: 0;\">Especialista de contenidos en casinosonline.bet, encargado de hacer rese\u00f1as y encontrar la mejor informaci\u00f3n de los casinos en l\u00ednea. Lleva tres a\u00f1os de experiencia en el mundo del iGaming y le gusta visitar los casinos para conocerlos m\u00e1s all\u00e1 del juego: sus historias, arquitectura, jugadores famosos y mucho m\u00e1s. <\/p>\r\n\t\t\t\t\t\t<\/div>\r\n\t\t\t\t\t<\/div>\r\n\t\t\t\t<\/div><\/div><script type=\"application\/ld+json\">\r\n\t\t\t{\r\n\t\t\t\t\"@context\": \"http:\/\/schema.org\",\r\n\t\t\t\t\"@type\": \"Organization\",\r\n\t\t\t\t\"employee\": [\r\n\t\t\t\t\t{\r\n\t\t\t\t\t\"@type\": \"Person\",\r\n\t\t\t\t\t\t\"name\": \"Antonio Caro\",\r\n\t\t\t\t\t\t\"image\": \"https:\/\/casinosonline.bet\/ar\/wp-content\/uploads\/sites\/4\/2023\/11\/antonio-definitiva.webp\",\r\n\t\t\t\t\t\t\"sameAs\": \"https:\/\/twitter.com\/antoninonin__\",\r\n\t\t\t\t\t\t\"jobTitle\": \"Editor\"\r\n\t\t\t\t\t},\r\n\t\t\t\t\t{\r\n\t\t\t\t\t\"@type\": \"Person\",\r\n\t\t\t\t\t\t\"name\": \"Humberto Fern\u00e1ndez\",\r\n\t\t\t\t\t\t\"image\": \"https:\/\/casinosonline.bet\/ar\/wp-content\/uploads\/sites\/4\/2023\/11\/humberto-ok.webp\",\r\n\t\t\t\t\t\t\"sameAs\": \"https:\/\/es.linkedin.com\/in\/humberto-f-843943160\",\r\n\t\t\t\t\t\t\"jobTitle\": \"Editor jefe\"\r\n\t\t\t\t\t},\r\n\t\t\t\t\t{\r\n\t\t\t\t\t\"@type\": \"Person\",\r\n\t\t\t\t\t\t\"name\": \"Lenin Pati\u00f1o\",\r\n\t\t\t\t\t\t\"image\": \"https:\/\/casinosonline.bet\/ar\/wp-content\/uploads\/sites\/4\/2023\/11\/lenin-definitiva.webp\",\r\n\t\t\t\t\t\t\"sameAs\": \"https:\/\/twitter.com\/LeninP100?t=UyifHGXMio5FVwFXUlOcbw&s=09\",\r\n\t\t\t\t\t\t\"jobTitle\": \"Editor\"\r\n\t\t\t\t\t},\r\n\t\t\t\t\t{\r\n\t\t\t\t\t\"@type\": \"Person\",\r\n\t\t\t\t\t\t\"name\": \"Mariano Velloso\",\r\n\t\t\t\t\t\t\"image\": \"https:\/\/casinosonline.bet\/ar\/wp-content\/uploads\/sites\/4\/2026\/02\/image-1.jpeg\",\r\n\t\t\t\t\t\t\r\n\t\t\t\t\t\t\"jobTitle\": \"Redactor\"\r\n\t\t\t\t\t},\r\n\t\t\t\t\t{\r\n\t\t\t\t\t\"@type\": \"Person\",\r\n\t\t\t\t\t\t\"name\": \"M\u00edchel Cruz\",\r\n\t\t\t\t\t\t\"image\": \"https:\/\/casinosonline.bet\/ar\/wp-content\/uploads\/sites\/4\/2023\/11\/michel-definitiva.webp\",\r\n\t\t\t\t\t\t\"sameAs\": [\"https:\/\/twitter.com\/CruzPopper16\",\"https:\/\/www.linkedin.com\/in\/michel-cruz-4a29b4178\/\"],\r\n\t\t\t\t\t\t\"jobTitle\": \"Editor\"\r\n\t\t\t\t\t},\r\n\t\t\t\t\t{\r\n\t\t\t\t\t\"@type\": \"Person\",\r\n\t\t\t\t\t\t\"name\": \"Yael Rueda\",\r\n\t\t\t\t\t\t\"image\": \"https:\/\/casinosonline.bet\/ar\/wp-content\/uploads\/sites\/4\/2023\/11\/yael-definitiva.webp\",\r\n\t\t\t\t\t\t\"sameAs\": \"https:\/\/www.linkedin.com\/in\/yael-rueda-084814260\/\",\r\n\t\t\t\t\t\t\"jobTitle\": \"Editor\"\r\n\t\t\t\t\t}]}<\/script>\n<p>El sitio <em>casinosonline.bet<\/em> est\u00e1 formado por un equipo de trabajo variado en todos los sentidos. Somos de distintos puntos geogr\u00e1ficos del mundo, cada uno tenemos nuestra forma de ser, nuestros pros y contras, nuestras creencias. Y todo ello lo unimos aqu\u00ed para trabajar codo con codo y ofrecer lo mejor de nosotros para que disfrutes del juego en l\u00ednea.<\/p>\n<h2>Nuestra misi\u00f3n<\/h2>\n<p>En <em>casinosonline.bet<\/em> pretendemos siempre, y por encima de todo, ofrecerte la mejor alternativa posible para que juegues al casino online (o al poker). Analizamos y estudiamos en profundidad cada casino que promocionamos, no ocultamos las cosas malas ni nos pasamos destacando las buenas, redactamos <strong>contenido honesto y sincero<\/strong>, como si fu\u00e9ramos nosotros mismos los que necesit\u00e1semos esa informaci\u00f3n.<\/p>\n<p>Abogamos siempre por acercarte todos los datos que puedas necesitar, pero sin empujarte a jugar con ellos, apostando por un juego responsable y de calidad, que siempre est\u00e9 marcado por la <strong>diversi\u00f3n<\/strong>. Porque si hay algo que podemos decir es que somos expertos en diversi\u00f3n y pasi\u00f3n.<\/p>\n<h3>Nuestros principios<\/h3>\n<ul>\n<li>Ofrecer contenido honesto, sincero y escrito desde un punto de vista imparcial<\/li>\n<li>Abogar por el juego responsable enfocado en la diversi\u00f3n del usuario<\/li>\n<li>Hacer llegar a los jugadores informaci\u00f3n de calidad y contrastada<\/li>\n<li>Trabajar con determinaci\u00f3n y pasi\u00f3n en lo que hacemos<\/li>\n<li>Descartar pr\u00e1cticas de juego da\u00f1inas o peligrosas para los argentinos<\/li>\n<li>Desincentivar el juego ilegal y las plataformas de juego sospechosas de promoverlo<\/li>\n<li>Que disfrutes y te lo pases bien jugando en los casinos online<\/li>\n<\/ul>\n<h3>\u00bfTienes algo que contarnos?<\/h3>\n<p>Si tienes cualquier sugerencia que hacernos, o si necesitas nuestra ayuda o comentarnos alguna duda, puedes hacerlo al mail hola[arroba]casinosonline.bet y te responderemos lo antes posible. \u00a1Gracias por elegirnos a nosotros!<\/p>\n","protected":false},"excerpt":{"rendered":"<p>Queremos que conozcas un poco m\u00e1s a fondo nuestra forma de pensar, de trabajar, nuestros valores y al equipo que conforma casinosonline.bet. El sitio casinosonline.bet est\u00e1 formado por un equipo de trabajo variado en todos los sentidos. Somos de distintos puntos geogr\u00e1ficos del mundo, cada uno tenemos nuestra forma de ser, nuestros pros y contras, [&hellip;]<\/p>\n","protected":false},"author":6,"featured_media":0,"parent":0,"menu_order":0,"comment_status":"closed","ping_status":"closed","template":"team.php","meta":{"_acf_changed":false,"footnotes":""},"class_list":["post-4686","page","type-page","status-publish","hentry"],"acf":[],"_links":{"self":[{"href":"https:\/\/casinosonline.bet\/ar\/wp-json\/wp\/v2\/pages\/4686","targetHints":{"allow":["GET"]}}],"collection":[{"href":"https:\/\/casinosonline.bet\/ar\/wp-json\/wp\/v2\/pages"}],"about":[{"href":"https:\/\/casinosonline.bet\/ar\/wp-json\/wp\/v2\/types\/page"}],"author":[{"embeddable":true,"href":"https:\/\/casinosonline.bet\/ar\/wp-json\/wp\/v2\/users\/6"}],"replies":[{"embeddable":true,"href":"https:\/\/casinosonline.bet\/ar\/wp-json\/wp\/v2\/comments?post=4686"}],"version-history":[{"count":20,"href":"https:\/\/casinosonline.bet\/ar\/wp-json\/wp\/v2\/pages\/4686\/revisions"}],"predecessor-version":[{"id":5127,"href":"https:\/\/casinosonline.bet\/ar\/wp-json\/wp\/v2\/pages\/4686\/revisions\/5127"}],"wp:attachment":[{"href":"https:\/\/casinosonline.bet\/ar\/wp-json\/wp\/v2\/media?parent=4686"}],"curies":[{"name":"wp","href":"https:\/\/api.w.org\/{rel}","templated":true}]}}