{"id":4420,"date":"2023-07-27T12:03:14","date_gmt":"2023-07-27T19:03:14","guid":{"rendered":"https:\/\/casinosonline.bet\/?page_id=4420"},"modified":"2025-02-21T11:08:39","modified_gmt":"2025-02-21T18:08:39","slug":"poker-online","status":"publish","type":"page","link":"https:\/\/casinosonline.bet\/ar\/poker-online\/","title":{"rendered":"P\u00f3ker online"},"content":{"rendered":"<p>El p\u00f3ker online se ha convertido en uno de los juegos m\u00e1s demandados en el sector del azar en Argentina y de los m\u00e1s interesantes para explorar en los\u00a0<a href=\"\/ar\/\">casinos en l\u00ednea del pa\u00eds<\/a>. Son muchos los operadores que ofrecen mesas de poker para jugar en la red y por eso en nuestra web tambi\u00e9n le hemos dedicado una secci\u00f3n espec\u00edfica. Prueba juegos de poker de manera gratuita y aprende todo lo necesario sobre este popular juego de cartas. Te vendr\u00e1 de perlas para tus apuestas con dinero real.<\/p>\n<div id=\"ez-toc-container\" class=\"ez-toc-v2_0_82_1 counter-hierarchy ez-toc-counter ez-toc-custom ez-toc-container-direction\">\n<div class=\"ez-toc-title-container\">\n<p class=\"ez-toc-title\" style=\"cursor:inherit\">Tabla de contenidos<\/p>\n<span class=\"ez-toc-title-toggle\"><a href=\"#\" class=\"ez-toc-pull-right ez-toc-btn ez-toc-btn-xs ez-toc-btn-default ez-toc-toggle\" aria-label=\"Toggle Table of Content\"><span class=\"ez-toc-js-icon-con\"><span class=\"\"><span class=\"eztoc-hide\" style=\"display:none;\">Toggle<\/span><span class=\"ez-toc-icon-toggle-span\"><svg style=\"fill: #999;color:#999\" xmlns=\"http:\/\/www.w3.org\/2000\/svg\" class=\"list-377408\" width=\"20px\" height=\"20px\" viewBox=\"0 0 24 24\" fill=\"none\"><path d=\"M6 6H4v2h2V6zm14 0H8v2h12V6zM4 11h2v2H4v-2zm16 0H8v2h12v-2zM4 16h2v2H4v-2zm16 0H8v2h12v-2z\" fill=\"currentColor\"><\/path><\/svg><svg style=\"fill: #999;color:#999\" class=\"arrow-unsorted-368013\" xmlns=\"http:\/\/www.w3.org\/2000\/svg\" width=\"10px\" height=\"10px\" viewBox=\"0 0 24 24\" version=\"1.2\" baseProfile=\"tiny\"><path d=\"M18.2 9.3l-6.2-6.3-6.2 6.3c-.2.2-.3.4-.3.7s.1.5.3.7c.2.2.4.3.7.3h11c.3 0 .5-.1.7-.3.2-.2.3-.5.3-.7s-.1-.5-.3-.7zM5.8 14.7l6.2 6.3 6.2-6.3c.2-.2.3-.5.3-.7s-.1-.5-.3-.7c-.2-.2-.4-.3-.7-.3h-11c-.3 0-.5.1-.7.3-.2.2-.3.5-.3.7s.1.5.3.7z\"\/><\/svg><\/span><\/span><\/span><\/a><\/span><\/div>\n<nav><ul class='ez-toc-list ez-toc-list-level-1 eztoc-toggle-hide-by-default' ><li class='ez-toc-page-1 ez-toc-heading-level-2'><a class=\"ez-toc-link ez-toc-heading-1\" href=\"https:\/\/casinosonline.bet\/ar\/poker-online\/#Salas-de-poker-online\" >Salas de p\u00f3ker online<\/a><\/li><li class='ez-toc-page-1 ez-toc-heading-level-2'><a class=\"ez-toc-link ez-toc-heading-2\" href=\"https:\/\/casinosonline.bet\/ar\/poker-online\/#Torneos-de-poker-online\" >Torneos de poker online<\/a><\/li><li class='ez-toc-page-1 ez-toc-heading-level-2'><a class=\"ez-toc-link ez-toc-heading-3\" href=\"https:\/\/casinosonline.bet\/ar\/poker-online\/#%C2%BFQue-es-el-poker\" >\u00bfQu\u00e9 es el p\u00f3ker?<\/a><\/li><li class='ez-toc-page-1 ez-toc-heading-level-2'><a class=\"ez-toc-link ez-toc-heading-4\" href=\"https:\/\/casinosonline.bet\/ar\/poker-online\/#%C2%BFComo-se-juega-al-poker\" >\u00bfC\u00f3mo se juega al poker?<\/a><\/li><li class='ez-toc-page-1 ez-toc-heading-level-2'><a class=\"ez-toc-link ez-toc-heading-5\" href=\"https:\/\/casinosonline.bet\/ar\/poker-online\/#Tipos-de-juegos-de-poker\" >Tipos de juegos de p\u00f3ker<\/a><\/li><li class='ez-toc-page-1 ez-toc-heading-level-2'><a class=\"ez-toc-link ez-toc-heading-6\" href=\"https:\/\/casinosonline.bet\/ar\/poker-online\/#Casinos-que-incluyen-juegos-de-poker-online\" >Casinos que incluyen juegos de poker online<\/a><\/li><li class='ez-toc-page-1 ez-toc-heading-level-2'><a class=\"ez-toc-link ez-toc-heading-7\" href=\"https:\/\/casinosonline.bet\/ar\/poker-online\/#Preguntas-frecuentes\" >Preguntas frecuentes<\/a><\/li><\/ul><\/nav><\/div>\n<h2><span class=\"ez-toc-section\" id=\"Salas-de-poker-online\"><\/span>Salas de p\u00f3ker online<span class=\"ez-toc-section-end\"><\/span><\/h2>\n<p>Tantos son los jugadores interesados en el poker y el poker online en Latinoam\u00e9rica que muchos casinos han tomado la decisi\u00f3n de desarrollar su propio software de poker y ofrecerlo como un servicio m\u00e1s para el jugador. Al igual que las apuestas deportivas tienen su propia secci\u00f3n distinguida y separada de los juegos de casinos, el poker tambi\u00e9n se presenta de esta manera en muchas plataformas. Y cada vez son m\u00e1s las que se suman a este modelo de negocio.<\/p>\n<p>Hay apostadores que es posible que se est\u00e9n preguntando en qu\u00e9 se diferencian estas salas con las salas de poker en l\u00ednea dedicadas exclusivamente a este juego. La respuesta es sencilla: son pr\u00e1cticamente lo mismo.\u00a0<strong>La secci\u00f3n de poker de un casino es una sala de poker online en la que poder apostar<\/strong>, por tanto, la \u00fanica diferencia es que en el casino puedes jugar tambi\u00e9n a otros juegos que no sean solo poker.<\/p>\n<p>La sala de poker en l\u00ednea de un casino suele ofrecer bonos y promociones personalizadas para este juego, un buen abanico de torneos en los que poder competir y un apartado amplio en el que detallan todo el reglamento del poker y aclaran los principales conceptos sobre el mismo. Todo lo necesario para que tanto jugadores amateurs como expertos se puedan guiar sin ning\u00fan tipo de problema.<\/p>\n<p>Hay casinos en los que para poder jugar debes\u00a0<strong>descargarte su software de poker e instalarlo<\/strong> en tu computadora, tablet o m\u00f3vil. Este es un proceso sencillo, que no va a llevarte mucho tiempo y que no requiere de mucho espacio de memoria en tu dispositivo. Aun as\u00ed es mejor revisar los requisitos del sistema con anterioridad para no llevarse sorpresas y garantizar un buen funcionamiento.<\/p>\n<h2><span class=\"ez-toc-section\" id=\"Torneos-de-poker-online\"><\/span>Torneos de poker online<span class=\"ez-toc-section-end\"><\/span><\/h2>\n<p>El poker online es una disciplina en la que se compite frente a otros jugadores en l\u00ednea, por lo que la entrada a torneos de poker es la mejor opci\u00f3n para poder obtener ganancias. Estas competiciones\u00a0<strong>disponen de un buy-in<\/strong>, una cantidad de dinero fija que los usuarios deben pagar por adelantado para poder formar parte del elenco de participantes. Dinero que se a\u00f1ade al bote de premios del que disponga el torneo.<\/p>\n<p>Y otra de las caracter\u00edsticas reside en\u00a0<strong>la posibilidad de efectuar recompras<\/strong>. Una vez que un jugador queda eliminado, puede volver a pagar el buy-in inicial y volver a entrar al torneo empezando de cero. No en todos los torneos se permiten, pero tambi\u00e9n es una buena forma de aumentar m\u00e1s si cabe la bolsa de ganancias.<\/p>\n<p>Con estas premisas, los casinos tratan de ofrecer el abanico de campeonatos m\u00e1s amplio posible y lo cierto es que los hay de muchos tipos. La principal divisi\u00f3n la encontramos entre los\u00a0<strong>juegos de cash<\/strong>\u00a0y los\u00a0<strong>torneos regulares<\/strong>.<\/p>\n<p>Mientras que los cash games est\u00e1n compuestos de mesas aleatorias en las que cada jugador puede acceder con el dinero que quiera y marcharse cuando desee, en los torneos todos los usuarios acceden con el mismo stack y su participaci\u00f3n finaliza una vez que se queden sin fichas.<\/p>\n<p>Los m\u00e1s numerosos son los torneos, ya que permiten hacer peque\u00f1as modificaciones sobre la forma de juego y reglas espec\u00edficas. Entre las variantes de torneos m\u00e1s conocidas podemos destacar: torneos multimesa, freerolls (gratuitos), heads-up (cara a cara), turbo (r\u00e1pidos), semiturbo, Sit&amp;Go, shootout (sucesi\u00f3n de Sit&amp;Go), deepstack (stacks m\u00e1s grandes), flight (varios d\u00edas de duraci\u00f3n) y sat\u00e9lites (clasificatorios).<\/p>\n<h2><span class=\"ez-toc-section\" id=\"%C2%BFQue-es-el-poker\"><\/span>\u00bfQu\u00e9 es el p\u00f3ker?<span class=\"ez-toc-section-end\"><\/span><\/h2>\n<p>El poker es un juego de cartas con un origen que no est\u00e1 demasiado claro, aunque la teor\u00eda que m\u00e1s convence es que\u00a0<strong>lo empez\u00f3 a practicar el pueblo persa<\/strong> y en sus viajes comerciales a Francia lo dio a conocer por toda Europa. Eso explicar\u00eda que el poker se juegue con la baraja francesa de 52 naipes y que en su llegada a Estados Unidos tuviera una gran repercusi\u00f3n.<\/p>\n<p>En territorio americano se convirti\u00f3 en el pasatiempo por excelencia de los westerns del Viejo Oeste y con la expansi\u00f3n de los juegos de azar y los casinos a partir del siglo XX tomar\u00eda todav\u00eda m\u00e1s protagonismo. El p\u00f3ker quedar\u00eda ligado a los salones de juego para siempre, a pesar de la profesionalizaci\u00f3n de su sector a partir de la d\u00e9cada de 1960.<\/p>\n<p>Ya en la \u00e9poca m\u00e1s moderna sus caracter\u00edsticas le han permitido considerarse en muchos pa\u00edses como un deporte mental y lograr un aut\u00e9ntico boom gracias a su desarrollo en la red y la gran repercusi\u00f3n que han conseguido los diferentes circuitos de torneos m\u00e1s importantes del mundo.<\/p>\n<p>El juego consiste en realizar apuestas conforme se vayan conociendo las cartas con las que formar la mano de la partida y\u00a0<strong>tratar de llevarse el dinero de todas esas apuestas consiguiendo la mano m\u00e1s alta posible<\/strong>. Con que sea m\u00e1s alta que la del resto de contrincantes bastar\u00e1.<\/p>\n<h2><span class=\"ez-toc-section\" id=\"%C2%BFComo-se-juega-al-poker\"><\/span>\u00bfC\u00f3mo se juega al poker?<span class=\"ez-toc-section-end\"><\/span><\/h2>\n<p>El poker es un juego muy rico en todo tipo de variantes y cada una de ellas tiene un funcionamiento bastante diferente al resto. No obstante todas ellas comparten unos fines comunes como son los de\u00a0<strong>apostar fichas por turnos<\/strong>, tratar de\u00a0<strong>llevarse el dinero del bote<\/strong>\u00a0que haya en juego, tratar de\u00a0<strong>formar la mano m\u00e1s alta posible<\/strong> y el valor de las cartas.<\/p>\n<p><em>*El valor de las cartas en p\u00f3ker de mayor a menor es: As, Rey, Dama, Jota, 10, 9, 8, 7, 6, 5, 4, 3 y 2. El as puede ejercer de 1 tambi\u00e9n*<\/em><em>\u00a0<\/em><\/p>\n<p>El jugador recibe de parte de un crupier o repartidor un n\u00famero de cartas determinado con las que debe formar su mano y en base a ellas debe realizar apuestas de valor. Para que dos jugadores puedan seguir inmersos en una mano\u00a0<strong>su aportaci\u00f3n al bote debe ser exactamente la misma<\/strong>\u00a0al final de cada ronda de apuestas. Es decir, si un jugador apuesta 500 pesos, el otro debe al menos igualarle. No es v\u00e1lido que uno apueste 500 pesos y el otro 300.<\/p>\n<p>Una vez que todos los jugadores han igualado las fichas puestas en juego y han finalizado las fases de apuestas, los participantes descubren sus cartas para comprobar qui\u00e9n de todos ellos tiene la mano m\u00e1s alta. El que lo logre se llevar\u00e1 todo el bote, aunque tambi\u00e9n puede repartirse en partes iguales en caso de que varios jugadores tengan la misma mano ganadora.<\/p>\n<p>Como vemos es un juego bastante sencillo en la teor\u00eda, si bien en la pr\u00e1ctica sus caracter\u00edsticas estrat\u00e9gicas lo hacen bastante complejo. Para tratar de ser m\u00e1s concretos y que nuestros usuarios entiendan un poco mejor su funcionamiento, vamos a centrarnos en la variante\u00a0<strong>Texas Holdem<\/strong>. Esta clase de p\u00f3ker es el m\u00e1s popular y el m\u00e1s jugado en todo el planeta, por eso es que suele tomarse como referencia para detallar la mec\u00e1nica del juego.<\/p>\n<p>Estas son todas las fases por las que pasar\u00e1 un jugador en una partida al uso de poker Texas Holdem en la que decide apostar y llegar hasta el final de la mano:<\/p>\n<ul>\n<li><strong>1- Ronda de ciegas<\/strong>. Las ciegas son apuestas obligatorias que van rotando por turnos entre los jugadores y que se deben pagar antes de empezar una mano. Hay una ciega grande y una ciega peque\u00f1a (la mitad de la grande) y sirven para garantizar que al menos haya algo de dinero en juego en la mesa. Eso motivar\u00e1 a los jugadores a que haya acci\u00f3n.<\/li>\n<\/ul>\n<ul>\n<li><strong>2- Reparto de cartas ocultas<\/strong>. El repartidor entrega dos cartas tapadas a cada jugador.<\/li>\n<\/ul>\n<ul>\n<li><strong>3- Primera ronda de apuestas<\/strong>. Los jugadores valoran la fortaleza de sus cartas ocultas y apuestan en consecuencia. Tambi\u00e9n pueden optar por retirarse y que sigan jugando el resto de usuarios.<\/li>\n<\/ul>\n<ul>\n<li><strong>4- Flop<\/strong>. El flop es la denominada como \u2018primera calle\u2019, en la que se descubren tres cartas comunitarias. Estas cartas se encuentran en el centro de la mesa y pueden ser utilizadas por todos los jugadores para formar mejores manos.<\/li>\n<\/ul>\n<ul>\n<li><strong>5- Segunda ronda de apuestas<\/strong>. Los jugadores tienen en cuenta sus nuevos proyectos y apuestan si as\u00ed lo consideran. De nuevo pueden optar por retirarse si lo desean.<\/li>\n<\/ul>\n<ul>\n<li><strong>6- Turn<\/strong>. El turn es la denominada como \u2018segunda calle\u2019, en la que se descubre una carta comunitaria m\u00e1s.<\/li>\n<\/ul>\n<ul>\n<li><strong>7- Tercera ronda de apuestas<\/strong>. Otra vez m\u00e1s los jugadores pueden apostar o retirarse.<\/li>\n<\/ul>\n<ul>\n<li><strong>8- River<\/strong>. El river es la denominada como \u2018tercera y \u00faltima calle\u2019, en la que se descubre una carta comunitaria m\u00e1s.<\/li>\n<\/ul>\n<ul>\n<li><strong>9- Cuarta y \u00faltima ronda de apuestas<\/strong>. En esta fase final de apuestas se deciden los jugadores que de verdad van a pelear por ganar la mano.<\/li>\n<\/ul>\n<ul>\n<li><strong>10- Showdown<\/strong>. Los jugadores descubren sus cartas y se decide el ganador que se lleva el bote.<\/li>\n<\/ul>\n<p>Cabe mencionar que no tienen por qu\u00e9 darse todas estas fases de manera obligatoria. Si en alguna de las rondas\u00a0<strong>solo un jugador quiere seguir apostando y los dem\u00e1s se retiran, este se llevar\u00e1 el bote<\/strong>\u00a0que hab\u00eda en juego hasta ese momento.<\/p>\n<p>Ahora es el momento de conocer tambi\u00e9n el orden del valor de las manos en Texas Holdem, desde la m\u00e1s alta hasta la m\u00e1s baja.<\/p>\n<table id=\"table_bpm_75\" class=\"shortcode_table_bpm_BWD\">\n\n                        <thead><th>Nombre<\/th><th>Descripci\u00f3n<\/th><th>Ejemplo<\/th><\/thead>\n\n                        <tbody><tr><td><i class=\"\" style=\"width: 1.7rem;color:#2f47b5\"><\/i> Escalera Real<\/td><td> Las cinco cartas m\u00e1s altas y seguidas del mismo color<\/td><td> A\u2660  K\u2660  Q\u2660  J\u2660  10\u2660<\/td><\/tr><tr><td><i class=\"\" style=\"width: 1.7rem;color:#2f47b5\"><\/i> Escalera de Color<\/td><td> Cinco cartas seguidas del mismo color<\/td><td> 8\u2663  7\u2663  6\u2663  5\u2663  4\u2663<\/td><\/tr><tr><td><i class=\"\" style=\"width: 1.7rem;color:#2f47b5\"><\/i> Poker<\/td><td> Las cuatro cartas del mismo n\u00famero de una baraja<\/td><td> 2\u2660  2\u2663  2<span class='emojired'>\u2666<\/span>  2<span class='emojired'>\u2665<\/span><\/td><\/tr><tr><td><i class=\"\" style=\"width: 1.7rem;color:#2f47b5\"><\/i> Full House<\/td><td> Combinaci\u00f3n de tr\u00edo y doble pareja en una misma mano<\/td><td> 8\u2663  8<span class='emojired'>\u2666<\/span>  8<span class='emojired'>\u2665<\/span>  3\u2663  3<span class='emojired'>\u2665<\/span><\/td><\/tr><tr><td><i class=\"\" style=\"width: 1.7rem;color:#2f47b5\"><\/i> Color<\/td><td> Cinco cartas del mismo color<\/td><td> K<span class='emojired'>\u2665<\/span>  10<span class='emojired'>\u2665<\/span>  6<span class='emojired'>\u2665<\/span>  3<span class='emojired'>\u2665<\/span>  2<span class='emojired'>\u2665<\/span><\/td><\/tr><tr><td><i class=\"\" style=\"width: 1.7rem;color:#2f47b5\"><\/i> Escalera<\/td><td> Cinco cartas consecutivas<\/td><td> 5<span class='emojired'>\u2665<\/span>  4\u2660  3<span class='emojired'>\u2666<\/span>  2\u2663  A\u2660<\/td><\/tr><tr><td><i class=\"\" style=\"width: 1.7rem;color:#2f47b5\"><\/i> Tr\u00edo<\/td><td> Tres cartas del mismo n\u00famero<\/td><td> 4<span class='emojired'>\u2665<\/span>  4\u2660  4<span class='emojired'>\u2666<\/span><\/td><\/tr><tr><td><i class=\"\" style=\"width: 1.7rem;color:#2f47b5\"><\/i> Doble Pareja<\/td><td> Combinaci\u00f3n de dos parejas<\/td><td> Q<span class='emojired'>\u2665<\/span>  Q\u2663  J<span class='emojired'>\u2666<\/span>  J\u2663<\/td><\/tr><tr><td><i class=\"\" style=\"width: 1.7rem;color:#2f47b5\"><\/i> Pareja<\/td><td> Dos cartas del mismo n\u00famero<\/td><td> 5\u2660  5<span class='emojired'>\u2665<\/span><\/td><\/tr><tr><td><i class=\"\" style=\"width: 1.7rem;color:#2f47b5\"><\/i> Carta Alta<\/td><td> La carta m\u00e1s alta de tu mano<\/td><td> K\u2660<\/td><\/tr><\/tbody>\n\n                    <\/table>\n<h2><span class=\"ez-toc-section\" id=\"Tipos-de-juegos-de-poker\"><\/span>Tipos de juegos de p\u00f3ker<span class=\"ez-toc-section-end\"><\/span><\/h2>\n<p>Como hemos dicho, el poker es un juego que tiene muchas variantes. Al tratarse de una disciplina que tiene tantas variables, una sola modificaci\u00f3n de cualquiera de ellas ya genera un nuevo juego que puede resultar muy divertido en cualquier casino online. Vamos a ver las clases de p\u00f3ker m\u00e1s comunes y conocidas y cuyos or\u00edgenes en ocasiones surgen de la forma en la que se ha entendido el juego en otros pa\u00edses.<\/p>\n<ul>\n<li><strong>No Limit Holdem<\/strong>: es una modalidad al estilo Texas Holdem en el que el montante de las apuestas no est\u00e1 limitado, por lo tanto los jugadores pueden apostar tanto como quieran en cualquier momento.<\/li>\n<\/ul>\n<ul>\n<li><strong>Limit Holdem<\/strong>: es una variante al estilo Texas holdem en la que tanto el montante de las apuestas como el n\u00famero de subidas est\u00e1 limitado.<\/li>\n<\/ul>\n<ul>\n<li><strong>Omaha<\/strong>: alternativa en la que se reparten 4 cartas a cada jugador y estos deben formar su mano obligatoriamente con 2 de ellas y con 3 de las 5 cartas comunitarias de la mesa.<\/li>\n<\/ul>\n<ul>\n<li><strong>Seven Card Stud<\/strong>: era la modalidad m\u00e1s conocida hasta la llegada del Texas Holdem y se la conoc\u00eda como el poker cl\u00e1sico. Se entregan 7 cartas (3 ocultas y 4 destapadas) a cada jugador y se debe formar con 5 de ellas la mano m\u00e1s alta posible en un formato con l\u00edmite.<\/li>\n<\/ul>\n<ul>\n<li><strong>Six-Handed<\/strong>: esta es una modalidad en la que se quitan las cartas con valores inferiores a 6 y se juega con la misma mec\u00e1nica que el Texas, solo que cuenta con algunas reglas especiales en cuanto al orden de manos.<\/li>\n<\/ul>\n<ul>\n<li><strong>Three Card<\/strong>: es una variante muy curiosa que toma del\u00a0<a href=\"\/ar\/juegos\/blackjack\/\">blackjack<\/a>\u00a0el hecho de jugar contra el crupier y de seleccionar tus apuestas antes de recibir tus tres cartas. El objetivo es que la combinaci\u00f3n sea m\u00e1s alta que la del repartidor.<\/li>\n<\/ul>\n<ul>\n<li><strong>Razz<\/strong>: muy similar al Seven Card Stud, con la diferencia de que hay que obtener la mano m\u00e1s baja posible en este caso.<\/li>\n<\/ul>\n<ul>\n<li><strong>Badugi<\/strong>: estilo de p\u00f3ker con descarte en el que se reciben 4 cartas y el objetivo es formar la mano m\u00e1s baja posible.<\/li>\n<\/ul>\n<ul>\n<li><strong>HORSE<\/strong>: variable mixta en la que se combinan diferentes variantes en una misma partida. En concreto, Holdem, Omaha, Razz, Stud y Eight or Better. Curiosamente la letra inicial de cada uno compone el nombre de la modalidad.<\/li>\n<\/ul>\n<h2><span class=\"ez-toc-section\" id=\"Casinos-que-incluyen-juegos-de-poker-online\"><\/span>Casinos que incluyen juegos de poker online<span class=\"ez-toc-section-end\"><\/span><\/h2>\n<p>Adem\u00e1s de esas secciones espec\u00edficas de poker que hemos estado analizando, los operadores de juego de Argentina tambi\u00e9n tienen dentro de su oferta de juegos de casino los t\u00edtulos m\u00e1s conocidos de videopoker. En\u00a0<em>Casinos Online<\/em>\u00a0hemos recogido algunos de los m\u00e1s destacados para que le eches un vistazo si lo necesitas.<\/p>\n<p>En algunos operadores podr\u00e1s incluso probar los juegos de manera gratuita antes de ponerte a apostar dinero real en ellos, como puedes hacer aqu\u00ed en nuestro\u00a0<a href=\"\/ar\/juegos\/casino-holdem\/\">Casino Holdem<\/a>. Estos te exigir\u00e1n realizar un registro previo para acceder a ese contenido, por eso te recomendamos que las pruebas las hagas en nuestra plataforma.<\/p>\n<p>A la hora de seleccionar tu operador para jugar al p\u00f3ker online recuerda que perder tu conexi\u00f3n en mitad de una sesi\u00f3n larga te puede hacer registrar grandes p\u00e9rdidas, por lo que\u00a0<strong>ten en cuenta la seguridad con la que cuentan y su funcionamiento<\/strong>,\u00a0<strong>as\u00ed como la compatibilidad para apostar desde el tel\u00e9fono m\u00f3vil<\/strong>\u00a0<strong>o celular<\/strong>. Eso te ayudar\u00e1 en la b\u00fasqueda de beneficios entre la comunidad de jugadores.<\/p>\n<h2><span class=\"ez-toc-section\" id=\"Preguntas-frecuentes\"><\/span>Preguntas frecuentes<span class=\"ez-toc-section-end\"><\/span><\/h2>\n<div id=\"Acc_bpm6\"><div id=\"bpmAccordion\" class=\"firstAcc \"><div class=\"accordion\">\n                    <div class=\"accordion-header accordion_blue\"> \u00bfEs seguro jugar al poker en casinos online?<\/div>\n                    <div class=\"accordion-content\"><p><p>S\u00ed, puesto que los sistemas de seguridad de los casinos online garantizan que toda tu informaci\u00f3n estar\u00e1 a salvo, adem\u00e1s de ofrecer algunos seguros en caso de sufrir una desconexi\u00f3n en mitad de una partida.<br><\/p><\/p><\/div>\n                <\/div><div class=\"accordion\">\n                    <div class=\"accordion-header accordion_blue\"> \u00bfPuedo jugar al poker en l\u00ednea gratis?<\/div>\n                    <div class=\"accordion-content\"><p><p>Los casinos online van a precisar al menos de la creaci\u00f3n de una cuenta para permitir al jugador probar sus juegos de poker en l\u00ednea de manera gratuita. No obstante, las versiones demo est\u00e1n cada vez presentes en m\u00e1s sitios web para que las examines antes de apostar.<br><\/p><\/p><\/div>\n                <\/div><div class=\"accordion\">\n                    <div class=\"accordion-header accordion_blue\"> \u00bfPuedo jugar al poker en l\u00ednea con dinero real?<\/div>\n                    <div class=\"accordion-content\"><p><p>S\u00ed, los casinos online tienen sus juegos preparados para que apuestes tu dinero en ellos y puedas llevarte premios muy interesantes.<br><\/p><\/p><\/div>\n                <\/div><div class=\"accordion\">\n                    <div class=\"accordion-header accordion_blue\"> \u00bfPuedo jugar al poker desde el tel\u00e9fono m\u00f3vil o celular?<\/div>\n                    <div class=\"accordion-content\"><p><p>S\u00ed, ya que todos los casinos se esfuerzan en que su contenido est\u00e9 igual de visible en versi\u00f3n para computadoras y en versi\u00f3n para m\u00f3viles. Los hay que incluso desarrollan una app espec\u00edfica para celulares solo para su apartado de poker. Y estas son sin duda las salas de juego m\u00e1s propicias para jugar.<br><\/p><\/p><\/div>\n                <\/div><div class=\"accordion\">\n                    <div class=\"accordion-header accordion_blue\"> \u00bfEs preferible jugar al poker en una plataforma especializada?<\/div>\n                    <div class=\"accordion-content\"><p><p>Una plataforma que se dedique exclusivamente a ofrecer poker online siempre va a contar con una serie de ventajas con respecto a los casinos en l\u00ednea, que tambi\u00e9n tienen que prestar servicios para el resto de juegos. Si tu intenci\u00f3n es jugar solo al poker puedes examinarlas, si bien hay operadores que cumplen a la perfecci\u00f3n con los aspectos m\u00e1s b\u00e1sicos de la disciplina.<br><\/p><\/p><\/div>\n                <\/div><div class=\"accordion\">\n                    <div class=\"accordion-header accordion_blue\"> \u00bfQu\u00e9 es el videopoker?<\/div>\n                    <div class=\"accordion-content\"><p><p>El video poker es una variante algo m\u00e1s espec\u00edfica del poker, pues no solo re\u00fane la emoci\u00f3n de la disciplina, sino que adem\u00e1s le a\u00f1ade la diversi\u00f3n de las m\u00e1quinas tragamonedas. Se podr\u00eda decir que es un h\u00edbrido entre los dos juegos y cuyo objetivo es el de que el jugador obtenga las cartas m\u00e1s altas posibles y se lleve uno de los premios m\u00e1s cuantiosos de los disponibles. Los casinos online que no cuentan con una apartado concreto dedicado al p\u00f3ker suelen incluir juegos de videopoker en su oferta de slots para tratar de compensar esa carencia.<br><\/p><\/p><\/div>\n                <\/div><\/div><\/div>\n","protected":false},"excerpt":{"rendered":"<p>El p\u00f3ker online se ha convertido en uno de los juegos m\u00e1s demandados en el sector del azar en Argentina y de los m\u00e1s interesantes para explorar en los\u00a0casinos en l\u00ednea del pa\u00eds. Son muchos los operadores que ofrecen mesas de poker para jugar en la red y por eso en nuestra web tambi\u00e9n le [&hellip;]<\/p>\n","protected":false},"author":8,"featured_media":0,"parent":0,"menu_order":0,"comment_status":"closed","ping_status":"closed","template":"page-poker.php","meta":{"_acf_changed":false,"footnotes":""},"class_list":["post-4420","page","type-page","status-publish","hentry"],"acf":[],"_links":{"self":[{"href":"https:\/\/casinosonline.bet\/ar\/wp-json\/wp\/v2\/pages\/4420","targetHints":{"allow":["GET"]}}],"collection":[{"href":"https:\/\/casinosonline.bet\/ar\/wp-json\/wp\/v2\/pages"}],"about":[{"href":"https:\/\/casinosonline.bet\/ar\/wp-json\/wp\/v2\/types\/page"}],"author":[{"embeddable":true,"href":"https:\/\/casinosonline.bet\/ar\/wp-json\/wp\/v2\/users\/8"}],"replies":[{"embeddable":true,"href":"https:\/\/casinosonline.bet\/ar\/wp-json\/wp\/v2\/comments?post=4420"}],"version-history":[{"count":10,"href":"https:\/\/casinosonline.bet\/ar\/wp-json\/wp\/v2\/pages\/4420\/revisions"}],"predecessor-version":[{"id":5192,"href":"https:\/\/casinosonline.bet\/ar\/wp-json\/wp\/v2\/pages\/4420\/revisions\/5192"}],"wp:attachment":[{"href":"https:\/\/casinosonline.bet\/ar\/wp-json\/wp\/v2\/media?parent=4420"}],"curies":[{"name":"wp","href":"https:\/\/api.w.org\/{rel}","templated":true}]}}