{"id":217,"date":"2016-08-02T15:00:42","date_gmt":"2016-08-02T22:00:42","guid":{"rendered":"http:\/\/mejorcasinoonline.mx\/?page_id=217"},"modified":"2025-02-21T11:09:25","modified_gmt":"2025-02-21T18:09:25","slug":"metodos-de-pago","status":"publish","type":"page","link":"https:\/\/casinosonline.bet\/ar\/metodos-de-pago\/","title":{"rendered":"M\u00e9todos de pago"},"content":{"rendered":"<p>Los m\u00e9todos de pago son un punto muy importante que los jugadores deben tener en cuenta a la hora de registrar su cuenta de juego en un\u00a0<a href=\"\/ar\/\">casino en l\u00ednea argentino<\/a>. Estas v\u00edas son las que autorizan el traspaso de dinero entre usuario y operador, que es lo que te permitir\u00e1 realizar apuestas a tus juegos favoritos.<\/p>\n<p>Para que tu dinero est\u00e9 seguro, no se pierda por el camino y lo puedas utilizar siempre que quieras, es preciso optar por la opci\u00f3n que mejor se adapte a tus demandas. \u00bfC\u00f3mo conseguimos esto? En esta secci\u00f3n lo vas a ver con detenimiento.<\/p>\n<h2>Tipos de v\u00edas de pago<\/h2>\n<p>Existen muchos y muy variados m\u00e9todos de pago en todo el mundo y cada casino online elige los que mejor pueden servir a su clientela. Los principales est\u00e1n relacionados con productos obtenidos a trav\u00e9s de entidades bancarias, pero tambi\u00e9n hay alternativas que permiten a los jugadores manejar su dinero desde otras plataformas.<\/p>\n<p>Te presentamos los m\u00e1s destacados y damos una puntuaci\u00f3n a todos aquellos que encontramos en los operadores en l\u00ednea de nuestra web.<\/p>\n<h3>Tarjetas de cr\u00e9dito y d\u00e9bito<\/h3>\n<p>Las tarjetas bancarias son sin duda las m\u00e1s utilizadas y las m\u00e1s populares entre los jugadores de casino online, no solo en Argentina si no en todo el mundo. Cualquiera que haya contratado un servicio con un banco nacional tendr\u00e1 en su poder una tarjeta Visa o Mastercard, que son las marcas m\u00e1s comunes, aunque American Express tambi\u00e9n est\u00e1 presente cuando nos referimos a pa\u00edses angloparlantes o con cierta relaci\u00f3n con el idioma ingl\u00e9s.<\/p>\n<p>La mayor parte de los casinos online las integran dentro de su abanico de m\u00e9todos de pago por la sencillez y rapidez que aportan, pero casi siempre como v\u00eda para depositar. Para los retiros no suele estar disponible y cuando lo est\u00e1 tarda bastante en procesarlos.<\/p>\n<table id=\"table_bpm_68\" class=\"shortcode_table_bpm_BWD\">\n\n                        <thead><th>M\u00e9todo<\/th><th>Disponibilidad<\/th><th>Comisi\u00f3n<\/th><th>Seguridad<\/th><th>Tardanza<\/th><th>Dep\u00f3sito<\/th><th>Retiro<\/th><\/thead>\n\n                        <tbody><tr><td><i class=\"\" style=\"width: 1.7rem;color:#2f47b5\"><\/i> Mastercard<\/td><td> 10\/10<\/td><td> 9\/10<\/td><td> 9\/10<\/td><td> 6\/10<\/td><td> 10\/10<\/td><td> 5\/10<\/td><\/tr><tr><td><i class=\"\" style=\"width: 1.7rem;color:#2f47b5\"><\/i> Maestro<\/td><td> 10\/10<\/td><td> 9\/10<\/td><td> 9\/10<\/td><td> 6\/10<\/td><td> 10\/10<\/td><td> 5\/10<\/td><\/tr><tr><td><i class=\"\" style=\"width: 1.7rem;color:#2f47b5\"><\/i> Visa<\/td><td> 10\/10<\/td><td> 9\/10<\/td><td> 9\/10<\/td><td> 6\/10<\/td><td> 10\/10<\/td><td> 5\/10<\/td><\/tr><tr><td><i class=\"\" style=\"width: 1.7rem;color:#2f47b5\"><\/i> Amex<\/td><td> 10\/10<\/td><td> 9\/10<\/td><td> 9\/10<\/td><td> 6\/10<\/td><td> 10\/10<\/td><td> 5\/10<\/td><\/tr><\/tbody>\n\n                    <\/table>\n<p><em>*Estas valoraciones est\u00e1n basadas en nuestra propia experiencia<\/em><\/p>\n<h3>Tarjetas prepago<\/h3>\n<p>Las tarjetas prepago son otra variante de las tarjetas bancarias, solo que con un funcionamiento algo diferente al de una tarjeta de cr\u00e9dito o d\u00e9bito. Este servicio permite contratar tarjetas de un solo uso o varios (recargable) que previamente ya contiene un dinero que es el que vamos a gastar en nuestra transacci\u00f3n. Pueden ser f\u00edsicas o virtuales y mantienen una gran popularidad en usuarios de casinos online.<\/p>\n<p>Las m\u00e1s conocidas son Astropay y Paysafecard, esta \u00faltima solo disponible para dep\u00f3sitos y ofreciendo la posibilidad de no tener que poseer datos bancarios como m\u00e9todo independiente.<\/p>\n<table id=\"table_bpm_36\" class=\"shortcode_table_bpm_BWD\">\n\n                        <thead><th>M\u00e9todo<\/th><th>Disponibilidad<\/th><th>Comisi\u00f3n<\/th><th>Seguridad<\/th><th>Tardanza<\/th><th>Dep\u00f3sito<\/th><th>Retiro<\/th><\/thead>\n\n                        <tbody><tr><td><i class=\"\" style=\"width: 1.7rem;color:#2f47b5\"><\/i> Astropay<\/td><td> 8\/10<\/td><td> 10\/10<\/td><td> 8\/10<\/td><td> 9\/10<\/td><td> 9\/10<\/td><td> 6\/10<\/td><\/tr><tr><td><i class=\"\" style=\"width: 1.7rem;color:#2f47b5\"><\/i> Paysafecard<\/td><td> 7\/10<\/td><td> 10\/10<\/td><td> 8\/10<\/td><td> 9\/10<\/td><td> 9\/10<\/td><td> 0\/10<\/td><\/tr><\/tbody>\n\n                    <\/table>\n<p><em>*Estas valoraciones est\u00e1n basadas en nuestra propia experiencia<\/em><\/p>\n<h3>Transferencias bancarias<\/h3>\n<p>Otro m\u00e9todo relacionado con entidades financieras, siendo quiz\u00e1 el m\u00e1s ligado con ellas al solo permitir traspasos de dinero de una cuenta bancaria a otra. Son un cl\u00e1sico para retiros, bastante frecuentes para dep\u00f3sitos y las m\u00e1s susceptibles de cobrar un mayor n\u00famero de comisiones de banco a banco. Casi todos los casinos las tienen disponibles, algunos en formato e-transfer incluso.<\/p>\n<table id=\"table_bpm_69\" class=\"shortcode_table_bpm_BWD\">\n\n                        <thead><th>M\u00e9todos<\/th><th>Disponibilidad<\/th><th>Comisi\u00f3n<\/th><th>Seguridad<\/th><th>Tardanza<\/th><th>Dep\u00f3sito<\/th><th>Retiro<\/th><\/thead>\n\n                        <tbody><tr><td><i class=\"\" style=\"width: 1.7rem;color:#2f47b5\"><\/i> Transferencia<\/td><td> 10\/10<\/td><td> 6\/10<\/td><td> 9\/10<\/td><td> 6\/10<\/td><td> 7\/10<\/td><td> 9\/10<\/td><\/tr><\/tbody>\n\n                    <\/table>\n<p><em>*Estas valoraciones est\u00e1n basadas en nuestra propia experiencia<\/em><\/p>\n<h3>Monederos electr\u00f3nicos<\/h3>\n<p>Entre las alternativas del mercado comenzamos mencionando los monederos electr\u00f3nicos por la gran repercusi\u00f3n que han tenido desde su desarrollo. Son la v\u00eda ideal para simplificar las transacciones de dinero y poder administrar tus ahorros de una forma virtual y sencilla. Lo normal es que funcionen a trav\u00e9s de una aplicaci\u00f3n, pero tambi\u00e9n pueden darse casos de wallets que opten por tarjetas con microchip. Admiten transferencias y pagos online para quioscos como casinos sin necesidad de poseer datos bancarios.<\/p>\n<table id=\"table_bpm_70\" class=\"shortcode_table_bpm_BWD\">\n\n                        <thead><th>M\u00e9todo<\/th><th>Disponibilidad<\/th><th>Comisi\u00f3n<\/th><th>Seguridad<\/th><th>Tardanza<\/th><th>Dep\u00f3sito<\/th><th>Retiro<\/th><\/thead>\n\n                        <tbody><tr><td><i class=\"\" style=\"width: 1.7rem;color:#2f47b5\"><\/i> Neteller<\/td><td> 8\/10<\/td><td> 8\/10<\/td><td> 9\/10<\/td><td> 8\/10<\/td><td> 9\/10<\/td><td> 7\/10<\/td><\/tr><tr><td><i class=\"\" style=\"width: 1.7rem;color:#2f47b5\"><\/i> Skrill<\/td><td> 8\/10<\/td><td> 8\/10<\/td><td> 9\/10<\/td><td> 8\/10<\/td><td> 9\/10<\/td><td> 7\/10<\/td><\/tr><\/tbody>\n\n                    <\/table>\n<p><em>*Estas valoraciones est\u00e1n basadas en nuestra propia experiencia<\/em><\/p>\n<h3>Pagos en l\u00ednea<\/h3>\n<p>Otro sistema que funciona tambi\u00e9n al margen de las entidades financieras y que sirve como plataforma online desde la que el usuario puede mover su dinero a las marcas adheridas al servicio. Por lo tanto debes checkear que el casino online est\u00e9 dentro del cat\u00e1logo de empresas de la firma que vas a usar como pago en l\u00ednea. Adem\u00e1s cuentan con un gran soporte de seguridad.<\/p>\n<table id=\"table_bpm_71\" class=\"shortcode_table_bpm_BWD\">\n\n                        <thead><th>M\u00e9todo<\/th><th>Disponibilidad<\/th><th>Comisi\u00f3n<\/th><th>Seguridad<\/th><th>Tardanza<\/th><th>Dep\u00f3sito<\/th><th>Retiro<\/th><\/thead>\n\n                        <tbody><tr><td><i class=\"\" style=\"width: 1.7rem;color:#2f47b5\"><\/i> Mercado Pago<\/td><td> 7\/10<\/td><td> 8\/10<\/td><td> 9\/10<\/td><td> 8\/10<\/td><td> 7\/10<\/td><td> 7\/10<\/td><\/tr><tr><td><i class=\"\" style=\"width: 1.7rem;color:#2f47b5\"><\/i> Payz<\/td><td> 8\/10<\/td><td> 8\/10<\/td><td> 9\/10<\/td><td> 8\/10<\/td><td> 7\/10<\/td><td> 7\/10<\/td><\/tr><tr><td><i class=\"\" style=\"width: 1.7rem;color:#2f47b5\"><\/i> DEBIN<\/td><td> 4\/10<\/td><td> 8\/10<\/td><td> 9\/10<\/td><td> 9\/10<\/td><td> 8\/10<\/td><td> 8\/10<\/td><\/tr><\/tbody>\n\n                    <\/table>\n<p><em>*Estas valoraciones est\u00e1n basadas en nuestra propia experiencia<\/em><\/p>\n<h3>Criptomonedas<\/h3>\n<p>A pesar de que muchas de ellas han demostrado ser bastante vol\u00e1tiles e inseguras, los casinos online apuestan por las criptomonedas m\u00e1s confiables del mercado como divisas al margen de los grandes bancos. Bastante propias de los dep\u00f3sitos y no tanto de los retiros por el hecho de que al cambio pueda no ser rentable la operaci\u00f3n.<\/p>\n<table id=\"table_bpm_40\" class=\"shortcode_table_bpm_BWD\">\n\n                        <thead><th>M\u00e9todo<\/th><th>Disponibilidad<\/th><th>Comisi\u00f3n<\/th><th>Seguridad<\/th><th>Tardanza<\/th><th>Dep\u00f3sito<\/th><th>Retiro<\/th><\/thead>\n\n                        <tbody><tr><td><i class=\"\" style=\"width: 1.7rem;color:#2f47b5\"><\/i> Bitcoin<\/td><td> 9\/10<\/td><td> 7\/10<\/td><td> 9\/10<\/td><td> 9\/10<\/td><td> 8\/10<\/td><td> 6\/10<\/td><\/tr><tr><td><i class=\"\" style=\"width: 1.7rem;color:#2f47b5\"><\/i> Litecoin<\/td><td> 8\/10<\/td><td> 7\/10<\/td><td> 9\/10<\/td><td> 9\/10<\/td><td> 8\/10<\/td><td> 6\/10<\/td><\/tr><tr><td><i class=\"\" style=\"width: 1.7rem;color:#2f47b5\"><\/i> Ethereum<\/td><td> 9\/10<\/td><td> 7\/10<\/td><td> 9\/10<\/td><td> 9\/10<\/td><td> 8\/10<\/td><td> 6\/10<\/td><\/tr><tr><td><i class=\"\" style=\"width: 1.7rem;color:#2f47b5\"><\/i> Tether USDT<\/td><td> 7\/10<\/td><td> 7\/10<\/td><td> 9\/10<\/td><td> 9\/10<\/td><td> 8\/10<\/td><td> 6\/10<\/td><\/tr><\/tbody>\n\n                    <\/table>\n<p><em>*Estas valoraciones est\u00e1n basadas en nuestra propia experiencia<\/em><\/p>\n<h2>Seleccionar el m\u00e9todo de pago ideal<\/h2>\n<p>Una vez conocidos los m\u00e9todos de pago que existen para transferir dinero con casinos online, hay que hacer una aproximaci\u00f3n al proceso que hay que seguir para escoger el que mejor nos puede venir como apostadores. Las claves a tener en cuenta ser\u00edan las siguientes:<\/p>\n<ul>\n<li><strong>Seguridad<\/strong>. Es determinante que la v\u00eda de pago contenga fuertes sistemas de encriptado de la informaci\u00f3n para que todos los datos sensibles que se entregan en una transacci\u00f3n se mantengan a salvo. Evitar desconexiones en el momento de los pagos y ca\u00eddas de la plataforma tambi\u00e9n entran en esta descripci\u00f3n.<\/li>\n<\/ul>\n<ul>\n<li><strong>Rapidez<\/strong>. Aunque lo importante en un env\u00edo de dinero no deja de ser que llegue en condiciones \u00f3ptimas, los usuarios miden mucho los plazos y la rapidez de cada m\u00e9todo de pago. Es clave tener el dinero en apenas unas horas donde t\u00fa quieras y no tener que estar esperando varios d\u00edas. En este aspecto los m\u00e9todos bancarios est\u00e1n en clara desventaja.<\/li>\n<\/ul>\n<ul>\n<li><strong>L\u00edmites<\/strong>. Todos los m\u00e9todos de pago contienen sus propios l\u00edmites m\u00e1ximos y l\u00edmites m\u00ednimos tanto para dep\u00f3sitos como para retiradas con casinos online y otros comercios en l\u00ednea. Por ello es preferible informarse antes de seleccionar, sobre todo si eres un jugador que quiere jugar con el m\u00ednimo dinero posible o con el m\u00e1ximo posible.<\/li>\n<\/ul>\n<ul>\n<li><strong>Comisi\u00f3n<\/strong>. Los casinos online no ponen ning\u00fan tipo de comisi\u00f3n para sus servicios de pago, aunque hay algunos m\u00e9todos que pueden imponer sus propios gastos de gesti\u00f3n para ciertas operaciones. Tienes que estar muy atento para no perder efectivo en dicha tarea.<\/li>\n<\/ul>\n<h2>Preguntas frecuentes<\/h2>\n<div id=\"Acc_bpm24\"><div id=\"bpmAccordion\" class=\"firstAcc \"><div class=\"accordion\">\n                    <div class=\"accordion-header accordion_blue\"> \u00bfEs seguro hacer un dep\u00f3sito o un retiro en casinos online?<\/div>\n                    <div class=\"accordion-content\"><p><p>S\u00ed, los casinos online que te ofrecemos en nuestra plataforma cuentan con los mecanismos de seguridad suficientes como para garantizar que los dep\u00f3sitos y los retiros son completamente seguros. Si no fuera as\u00ed, es probable que no aparecieran en nuestra web.<br><\/p><\/p><\/div>\n                <\/div><div class=\"accordion\">\n                    <div class=\"accordion-header accordion_blue\"> \u00bfC\u00f3mo se realiza un dep\u00f3sito?<\/div>\n                    <div class=\"accordion-content\"><p><p>Realizar un dep\u00f3sito en un casino en l\u00ednea es una tarea muy sencilla. Tan solo tienes que acceder a tu cuenta en el operador, ir hasta el apartado de banca y elegir all\u00ed tanto el m\u00e9todo de pago como la cantidad que quieras ingresar. Introduciendo toda la informaci\u00f3n requerida y siguiendo los pasos, tendr\u00e1s el dinero muy pronto en tu poder para apostar.<br><\/p><\/p><\/div>\n                <\/div><div class=\"accordion\">\n                    <div class=\"accordion-header accordion_blue\"> \u00bfC\u00f3mo se realiza una retirada?<\/div>\n                    <div class=\"accordion-content\"><p><p>Una retirada tiene un proceso muy similar al del dep\u00f3sito. Inicias sesi\u00f3n en el casino y en el apartado de banca de la cuenta seleccionas el dinero que quieres retirar y la v\u00eda de pago para hacerlo. Una vez completados todos los pasos, tendr\u00e1s que tener paciencia y esperar a que la cantidad te llegue.<br><\/p><\/p><\/div>\n                <\/div><div class=\"accordion\">\n                    <div class=\"accordion-header accordion_blue\"> \u00bfExiste alguna comisi\u00f3n por usar m\u00e9todos de pago en Argentina?<\/div>\n                    <div class=\"accordion-content\"><p><p>Aunque la mayor\u00eda de m\u00e9todos de pago que te presentamos aqu\u00ed no cobra ning\u00fan tipo de comisi\u00f3n por transacci\u00f3n, s\u00ed que puede haber alguno en concreto que lo haga. Los que m\u00e1s probabilidades tienen de hacerlo son los vinculados con entidades financieras, sobre todo si tienen que enviar el dinero a otro pa\u00eds o situaciones similares.<br><\/p><\/p><\/div>\n                <\/div><div class=\"accordion\">\n                    <div class=\"accordion-header accordion_blue\"> \u00bfCu\u00e1nto tiempo tarda en completarse una transacci\u00f3n de dinero?<\/div>\n                    <div class=\"accordion-content\"><p><p>Los dep\u00f3sitos son casi todos instant\u00e1neos o con demoras de apenas unos minutos. Sin embargo, en el caso de las retiradas s\u00ed que pueden ser de 2 a 5 d\u00edas h\u00e1biles lo que tarden en completarse.<br><\/p><\/p><\/div>\n                <\/div><\/div><\/div>\n","protected":false},"excerpt":{"rendered":"<p>Los m\u00e9todos de pago son un punto muy importante que los jugadores deben tener en cuenta a la hora de registrar su cuenta de juego en un\u00a0casino en l\u00ednea argentino. Estas v\u00edas son las que autorizan el traspaso de dinero entre usuario y operador, que es lo que te permitir\u00e1 realizar apuestas a tus juegos [&hellip;]<\/p>\n","protected":false},"author":1,"featured_media":0,"parent":0,"menu_order":0,"comment_status":"closed","ping_status":"closed","template":"deposit-methods-style-1.php","meta":{"_acf_changed":false,"footnotes":""},"class_list":["post-217","page","type-page","status-publish","hentry"],"acf":[],"_links":{"self":[{"href":"https:\/\/casinosonline.bet\/ar\/wp-json\/wp\/v2\/pages\/217","targetHints":{"allow":["GET"]}}],"collection":[{"href":"https:\/\/casinosonline.bet\/ar\/wp-json\/wp\/v2\/pages"}],"about":[{"href":"https:\/\/casinosonline.bet\/ar\/wp-json\/wp\/v2\/types\/page"}],"author":[{"embeddable":true,"href":"https:\/\/casinosonline.bet\/ar\/wp-json\/wp\/v2\/users\/1"}],"replies":[{"embeddable":true,"href":"https:\/\/casinosonline.bet\/ar\/wp-json\/wp\/v2\/comments?post=217"}],"version-history":[{"count":127,"href":"https:\/\/casinosonline.bet\/ar\/wp-json\/wp\/v2\/pages\/217\/revisions"}],"predecessor-version":[{"id":5193,"href":"https:\/\/casinosonline.bet\/ar\/wp-json\/wp\/v2\/pages\/217\/revisions\/5193"}],"wp:attachment":[{"href":"https:\/\/casinosonline.bet\/ar\/wp-json\/wp\/v2\/media?parent=217"}],"curies":[{"name":"wp","href":"https:\/\/api.w.org\/{rel}","templated":true}]}}